{"id":805,"date":"2017-03-13T11:19:49","date_gmt":"2017-03-13T11:19:49","guid":{"rendered":"https:\/\/cifa.es\/?page_id=805"},"modified":"2024-02-14T12:23:12","modified_gmt":"2024-02-14T12:23:12","slug":"user-point-sterilizer","status":"publish","type":"page","link":"https:\/\/cifa.es\/en\/neopure\/user-point-sterilizer\/","title":{"rendered":"Point of Use Sterilization Unit"},"content":{"rendered":"<p><div class=\"fusion-fullwidth fullwidth-box fusion-builder-row-1 migas nonhundred-percent-fullwidth non-hundred-percent-height-scrolling\" style=\"--awb-border-sizes-top:0px;--awb-border-sizes-bottom:0px;--awb-border-sizes-left:0px;--awb-border-sizes-right:0px;--awb-border-radius-top-left:0px;--awb-border-radius-top-right:0px;--awb-border-radius-bottom-right:0px;--awb-border-radius-bottom-left:0px;--awb-padding-top:18px;--awb-padding-bottom:18px;--awb-flex-wrap:wrap;\" ><div class=\"fusion-builder-row fusion-row\"><div class=\"fusion-layout-column fusion_builder_column fusion-builder-column-0 fusion_builder_column_1_1 1_1 fusion-one-full fusion-column-first fusion-column-last\" style=\"--awb-padding-top:0px;--awb-padding-bottom:0px;--awb-bg-size:cover;--awb-margin-bottom:0px;\"><div class=\"fusion-column-wrapper fusion-flex-column-wrapper-legacy\"><div class=\"fusion-text fusion-text-1\"><p><a href=\"\/en\/\">Home<\/a> \/ <a href=\"\/en\/neopure\">Neopure<\/a> \/ Point of use sterilization unit<\/p>\n<\/div><div class=\"fusion-clearfix\"><\/div><\/div><\/div><\/div><\/div><div class=\"fusion-fullwidth fullwidth-box fusion-builder-row-2 nonhundred-percent-fullwidth non-hundred-percent-height-scrolling\" style=\"--awb-border-radius-top-left:0px;--awb-border-radius-top-right:0px;--awb-border-radius-bottom-right:0px;--awb-border-radius-bottom-left:0px;--awb-padding-top:15px;--awb-padding-bottom:15px;--awb-margin-bottom:20px;--awb-background-color:#6ecddf;--awb-flex-wrap:wrap;\" ><div class=\"fusion-builder-row fusion-row\"><div class=\"fusion-layout-column fusion_builder_column fusion-builder-column-1 fusion_builder_column_1_1 1_1 fusion-one-full fusion-column-first fusion-column-last\" style=\"--awb-bg-size:cover;--awb-margin-bottom:0px;\"><div class=\"fusion-column-wrapper fusion-flex-column-wrapper-legacy\"><div class=\"fusion-title title fusion-title-1 fusion-sep-none fusion-title-center fusion-title-text fusion-title-size-one\" style=\"--awb-margin-bottom:0px;\"><h1 class=\"fusion-title-heading title-heading-center\" style=\"margin:0;\">Point of use sterilization unit<\/h1><\/div><div class=\"fusion-clearfix\"><\/div><\/div><\/div><\/div><\/div><div class=\"fusion-fullwidth fullwidth-box fusion-builder-row-3 nonhundred-percent-fullwidth non-hundred-percent-height-scrolling\" style=\"--awb-border-radius-top-left:0px;--awb-border-radius-top-right:0px;--awb-border-radius-bottom-right:0px;--awb-border-radius-bottom-left:0px;--awb-padding-top:20px;--awb-padding-bottom:20px;--awb-flex-wrap:wrap;\" ><div class=\"fusion-builder-row fusion-row\"><div class=\"fusion-layout-column fusion_builder_column fusion-builder-column-2 fusion_builder_column_1_2 1_2 fusion-one-half fusion-column-first\" style=\"--awb-bg-size:cover;width:50%;width:calc(50% - ( ( 4% ) * 0.5 ) );margin-right: 4%;\"><div class=\"fusion-column-wrapper fusion-flex-column-wrapper-legacy\"><div class=\"fusion-image-element in-legacy-container\" style=\"--awb-caption-title-font-family:var(--h2_typography-font-family);--awb-caption-title-font-weight:var(--h2_typography-font-weight);--awb-caption-title-font-style:var(--h2_typography-font-style);--awb-caption-title-size:var(--h2_typography-font-size);--awb-caption-title-transform:var(--h2_typography-text-transform);--awb-caption-title-line-height:var(--h2_typography-line-height);--awb-caption-title-letter-spacing:var(--h2_typography-letter-spacing);\"><span class=\" fusion-imageframe imageframe-none imageframe-1 hover-type-zoomin\"><img decoding=\"async\" width=\"664\" height=\"996\" title=\"Esterilizador de punto de uso (POU) de Neopure\" src=\"https:\/\/cifa.es\/wp-content\/uploads\/2020\/05\/neopure-esterilizador-POU-1.jpg\" alt class=\"img-responsive wp-image-2218\" srcset=\"https:\/\/cifa.es\/wp-content\/uploads\/2020\/05\/neopure-esterilizador-POU-1-200x300.jpg 200w, https:\/\/cifa.es\/wp-content\/uploads\/2020\/05\/neopure-esterilizador-POU-1-400x600.jpg 400w, https:\/\/cifa.es\/wp-content\/uploads\/2020\/05\/neopure-esterilizador-POU-1-600x900.jpg 600w, https:\/\/cifa.es\/wp-content\/uploads\/2020\/05\/neopure-esterilizador-POU-1.jpg 664w\" sizes=\"(max-width: 800px) 100vw, 600px\" \/><\/span><\/div><div class=\"fusion-clearfix\"><\/div><\/div><\/div><div class=\"fusion-layout-column fusion_builder_column fusion-builder-column-3 fusion_builder_column_1_2 1_2 fusion-one-half fusion-column-last\" style=\"--awb-padding-top:15px;--awb-bg-size:cover;width:50%;width:calc(50% - ( ( 4% ) * 0.5 ) );\"><div class=\"fusion-column-wrapper fusion-flex-column-wrapper-legacy\"><div class=\"fusion-text fusion-text-2\"><p>The <strong>point of use (POU) sterilization unit from Neopure<\/strong> is a mobile stand-alone unit composed by an electric pure steam generator built-in a 4\u201d pipe, with different level switches (maximum, and minimum) and an automatic feeding system. The equipment is provided by a pressure indicator and a safety valve set at 6 bar.<\/p>\n<p>The connexion between the unit and the Point of Use is done by means of a sanitary hose with ASME BPE de \u00be\u201d clamp connexions.<\/p>\n<p>The model E-POU-002 is mounted on a mobile trolley for an easy transport to the different Points of Use of the loop.<\/p>\n<\/div><div class=\"accordian fusion-accordian\" style=\"--awb-border-size:1px;--awb-icon-size:13px;--awb-content-font-size:16px;--awb-icon-alignment:left;--awb-hover-color:#f9f9f9;--awb-border-color:#cccccc;--awb-background-color:#ffffff;--awb-divider-color:#e0dede;--awb-divider-hover-color:#e0dede;--awb-icon-color:#ffffff;--awb-title-color:#333333;--awb-content-color:#666666;--awb-icon-box-color:#333333;--awb-toggle-hover-accent-color:#3dbcd4;--awb-title-font-family:&quot;Raleway&quot;;--awb-title-font-weight:400;--awb-title-font-style:normal;--awb-title-font-size:15px;--awb-content-font-family:&quot;Raleway&quot;;--awb-content-font-style:normal;--awb-content-font-weight:400;\"><div class=\"panel-group fusion-toggle-icon-boxed\" id=\"accordion-805-1\"><div class=\"fusion-panel panel-default panel-88c0efd73ca1968ce fusion-toggle-has-divider\"><div class=\"panel-heading\"><h4 class=\"panel-title toggle\" id=\"toggle_88c0efd73ca1968ce\"><a aria-expanded=\"false\" aria-controls=\"88c0efd73ca1968ce\" role=\"button\" data-toggle=\"collapse\" data-parent=\"#accordion-805-1\" data-target=\"#88c0efd73ca1968ce\" href=\"#88c0efd73ca1968ce\"><span class=\"fusion-toggle-icon-wrapper\" aria-hidden=\"true\"><i class=\"fa-fusion-box active-icon awb-icon-minus\" aria-hidden=\"true\"><\/i><i class=\"fa-fusion-box inactive-icon awb-icon-plus\" aria-hidden=\"true\"><\/i><\/span><span class=\"fusion-toggle-heading\">AREA OF APPLICATION<\/span><\/a><\/h4><\/div><div id=\"88c0efd73ca1968ce\" class=\"panel-collapse collapse \" aria-labelledby=\"toggle_88c0efd73ca1968ce\"><div class=\"panel-body toggle-content fusion-clearfix\">The <strong>user point sterilizer<\/strong> allows the sterilization of a single user point of a loop without sterilizing the whole loop and all costs and time derived and in a safety way.<\/div><\/div><\/div><div class=\"fusion-panel panel-default panel-659e1e02dffa76172 fusion-toggle-has-divider\"><div class=\"panel-heading\"><h4 class=\"panel-title toggle\" id=\"toggle_659e1e02dffa76172\"><a aria-expanded=\"false\" aria-controls=\"659e1e02dffa76172\" role=\"button\" data-toggle=\"collapse\" data-parent=\"#accordion-805-1\" data-target=\"#659e1e02dffa76172\" href=\"#659e1e02dffa76172\"><span class=\"fusion-toggle-icon-wrapper\" aria-hidden=\"true\"><i class=\"fa-fusion-box active-icon awb-icon-minus\" aria-hidden=\"true\"><\/i><i class=\"fa-fusion-box inactive-icon awb-icon-plus\" aria-hidden=\"true\"><\/i><\/span><span class=\"fusion-toggle-heading\">MATERIAL<\/span><\/a><\/h4><\/div><div id=\"659e1e02dffa76172\" class=\"panel-collapse collapse \" aria-labelledby=\"toggle_659e1e02dffa76172\"><div class=\"panel-body toggle-content fusion-clearfix\">Heat exchanger: <em>AISI-316 L<\/em><\/p>\n<p>Pipes, valves and instruments: <em>AISI-316 L<\/em><\/p>\n<p>Trolley: <em>AISI-316 L<\/em><\/p>\n<p>(La certificaci\u00f3n de los materiales utilizados y la calibraci\u00f3n de los instrumentos se adjuntan en la documentaci\u00f3n del equipo).Todas las conexiones del equipo son del tipo: Casquillo clamp ASME BPE TC \u00be\u201d \u00b4o \u00bd\u201d<\/div><\/div><\/div><div class=\"fusion-panel panel-default panel-fac530853e210fb14 fusion-toggle-has-divider\"><div class=\"panel-heading\"><h4 class=\"panel-title toggle\" id=\"toggle_fac530853e210fb14\"><a aria-expanded=\"false\" aria-controls=\"fac530853e210fb14\" role=\"button\" data-toggle=\"collapse\" data-parent=\"#accordion-805-1\" data-target=\"#fac530853e210fb14\" href=\"#fac530853e210fb14\"><span class=\"fusion-toggle-icon-wrapper\" aria-hidden=\"true\"><i class=\"fa-fusion-box active-icon awb-icon-minus\" aria-hidden=\"true\"><\/i><i class=\"fa-fusion-box inactive-icon awb-icon-plus\" aria-hidden=\"true\"><\/i><\/span><span class=\"fusion-toggle-heading\">FEATURES<\/span><\/a><\/h4><\/div><div id=\"fac530853e210fb14\" class=\"panel-collapse collapse \" aria-labelledby=\"toggle_fac530853e210fb14\"><div class=\"panel-body toggle-content fusion-clearfix\">The user point sterilizer is delivered with external sandblasting finishes. It is provided with a stainless steel control cabinet where is located a touch screen with a PLC incorporated. That can provide a CFR21 part 11 report. This encrypted report is easily removable by a USB pendrive.<\/p>\n<p>The control system receives signal from level switches, compressed air pressure switch, sterilization temperature sensor and pressure sensor. All these data are all time displayed in the touch screen and recorded, as well as sterilization temperature and sterilization time.<\/p>\n<p>The <strong>user point sterilizer of Neopure<\/strong> is provided with a special utility with temperature sensor and steam trap with ASME BPE \u00bd-\u00be\u201d clamp connection or 1-1\u00bd\u201d clamp connection under request.<\/p>\n<p>All valves provided are sanitary membrane valves and all connections clamp type ASME BPE AISI-316 L SFF1 PL.<\/p>\n\n<div class=\"table-1\">\n<table width=\"100%\">\n<thead>\n<tr>\n<th align=\"left\">Supplies<\/th>\n<th align=\"left\">Connection<\/th>\n<th align=\"left\">Pressure<\/th>\n<th align=\"left\">Consumption<\/th>\n<\/tr>\n<\/thead>\n<tbody>\n<tr>\n<td align=\"left\">Compressed air<\/td>\n<td align=\"left\">R. \u00bc\u201d<\/td>\n<td align=\"left\">6 bar<\/td>\n<td align=\"left\">1 m\u00b3N\/h<\/td>\n<\/tr>\n<tr>\n<td align=\"left\">Power<\/td>\n<td align=\"left\">220 VAC<\/td>\n<td align=\"left\">50 Hz<\/td>\n<td align=\"left\">3.5 kW<\/td>\n<\/tr>\n<tr>\n<td align=\"left\">Drain<\/td>\n<td align=\"left\">TC\u00bd\u201d<\/td>\n<td align=\"left\"><\/td>\n<td align=\"left\"><\/td>\n<\/tr>\n<\/tbody>\n<\/table>\n<\/div>\n<\/div><\/div><\/div><\/div><\/div><div class=\"fusion-clearfix\"><\/div><\/div><\/div><\/div><\/div><\/p>\n","protected":false},"excerpt":{"rendered":"","protected":false},"author":540,"featured_media":0,"parent":763,"menu_order":0,"comment_status":"closed","ping_status":"closed","template":"100-width.php","meta":{"footnotes":""},"class_list":["post-805","page","type-page","status-publish","hentry"],"yoast_head":"<!-- This site is optimized with the Yoast SEO plugin v27.3 - https:\/\/yoast.com\/product\/yoast-seo-wordpress\/ -->\n<title>Point of Use (POU) sterilization unit | Neopure CIFA<\/title>\n<meta name=\"description\" content=\"Point of Use (POU) sterilization unit Neopure CIFA for the pharmaceutical, food and bio-technology industry, we provide customized solutions!\" \/>\n<meta name=\"robots\" content=\"index, follow, max-snippet:-1, max-image-preview:large, max-video-preview:-1\" \/>\n<link rel=\"canonical\" href=\"https:\/\/cifa.es\/en\/neopure\/user-point-sterilizer\/\" \/>\n<meta property=\"og:locale\" content=\"en_GB\" \/>\n<meta property=\"og:type\" content=\"article\" \/>\n<meta property=\"og:title\" content=\"Point of Use (POU) sterilization unit | Neopure CIFA\" \/>\n<meta property=\"og:description\" content=\"Point of Use (POU) sterilization unit Neopure CIFA for the pharmaceutical, food and bio-technology industry, we provide customized solutions!\" \/>\n<meta property=\"og:url\" content=\"https:\/\/cifa.es\/en\/neopure\/user-point-sterilizer\/\" \/>\n<meta property=\"og:site_name\" content=\"CIFA\" \/>\n<meta property=\"og:image\" content=\"https:\/\/cifa.es\/wp-content\/uploads\/2023\/03\/cifa-neopure.jpg\" \/>\n\t<meta property=\"og:image:width\" content=\"1200\" \/>\n\t<meta property=\"og:image:height\" content=\"630\" \/>\n\t<meta property=\"og:image:type\" content=\"image\/jpeg\" \/>\n<script type=\"application\/ld+json\" class=\"yoast-schema-graph\">{\"@context\":\"https:\\\/\\\/schema.org\",\"@graph\":[{\"@type\":\"WebPage\",\"@id\":\"https:\\\/\\\/cifa.es\\\/en\\\/neopure\\\/user-point-sterilizer\\\/\",\"url\":\"https:\\\/\\\/cifa.es\\\/en\\\/neopure\\\/user-point-sterilizer\\\/\",\"name\":\"Point of Use (POU) sterilization unit | Neopure CIFA\",\"isPartOf\":{\"@id\":\"https:\\\/\\\/cifa.es\\\/en\\\/#website\"},\"description\":\"Point of Use (POU) sterilization unit Neopure CIFA for the pharmaceutical, food and bio-technology industry, we provide customized solutions!\",\"breadcrumb\":{\"@id\":\"https:\\\/\\\/cifa.es\\\/en\\\/neopure\\\/user-point-sterilizer\\\/#breadcrumb\"},\"inLanguage\":\"en-US\",\"potentialAction\":[{\"@type\":\"ReadAction\",\"target\":[\"https:\\\/\\\/cifa.es\\\/en\\\/neopure\\\/user-point-sterilizer\\\/\"]}]},{\"@type\":\"BreadcrumbList\",\"@id\":\"https:\\\/\\\/cifa.es\\\/en\\\/neopure\\\/user-point-sterilizer\\\/#breadcrumb\",\"itemListElement\":[{\"@type\":\"ListItem\",\"position\":1,\"name\":\"Portada\",\"item\":\"https:\\\/\\\/cifa.es\\\/en\\\/\"},{\"@type\":\"ListItem\",\"position\":2,\"name\":\"Neopure\",\"item\":\"https:\\\/\\\/cifa.es\\\/en\\\/neopure\\\/\"},{\"@type\":\"ListItem\",\"position\":3,\"name\":\"Point of Use Sterilization Unit\"}]},{\"@type\":\"WebSite\",\"@id\":\"https:\\\/\\\/cifa.es\\\/en\\\/#website\",\"url\":\"https:\\\/\\\/cifa.es\\\/en\\\/\",\"name\":\"CIFA\",\"description\":\"Ingenier\u00eda e instalaciones para la industria farmac\u00e9utica\",\"publisher\":{\"@id\":\"https:\\\/\\\/cifa.es\\\/en\\\/#organization\"},\"potentialAction\":[{\"@type\":\"SearchAction\",\"target\":{\"@type\":\"EntryPoint\",\"urlTemplate\":\"https:\\\/\\\/cifa.es\\\/en\\\/?s={search_term_string}\"},\"query-input\":{\"@type\":\"PropertyValueSpecification\",\"valueRequired\":true,\"valueName\":\"search_term_string\"}}],\"inLanguage\":\"en-US\"},{\"@type\":\"Organization\",\"@id\":\"https:\\\/\\\/cifa.es\\\/en\\\/#organization\",\"name\":\"Cifa\",\"url\":\"https:\\\/\\\/cifa.es\\\/en\\\/\",\"logo\":{\"@type\":\"ImageObject\",\"inLanguage\":\"en-US\",\"@id\":\"https:\\\/\\\/cifa.es\\\/en\\\/#\\\/schema\\\/logo\\\/image\\\/\",\"url\":\"https:\\\/\\\/cifa.es\\\/wp-content\\\/uploads\\\/2017\\\/02\\\/logo-cifa-pharma-solutions.png\",\"contentUrl\":\"https:\\\/\\\/cifa.es\\\/wp-content\\\/uploads\\\/2017\\\/02\\\/logo-cifa-pharma-solutions.png\",\"width\":170,\"height\":70,\"caption\":\"Cifa\"},\"image\":{\"@id\":\"https:\\\/\\\/cifa.es\\\/en\\\/#\\\/schema\\\/logo\\\/image\\\/\"}}]}<\/script>\n<!-- \/ Yoast SEO plugin. -->","yoast_head_json":{"title":"Point of Use (POU) sterilization unit | Neopure CIFA","description":"Point of Use (POU) sterilization unit Neopure CIFA for the pharmaceutical, food and bio-technology industry, we provide customized solutions!","robots":{"index":"index","follow":"follow","max-snippet":"max-snippet:-1","max-image-preview":"max-image-preview:large","max-video-preview":"max-video-preview:-1"},"canonical":"https:\/\/cifa.es\/en\/neopure\/user-point-sterilizer\/","og_locale":"en_GB","og_type":"article","og_title":"Point of Use (POU) sterilization unit | Neopure CIFA","og_description":"Point of Use (POU) sterilization unit Neopure CIFA for the pharmaceutical, food and bio-technology industry, we provide customized solutions!","og_url":"https:\/\/cifa.es\/en\/neopure\/user-point-sterilizer\/","og_site_name":"CIFA","og_image":[{"width":1200,"height":630,"url":"https:\/\/cifa.es\/wp-content\/uploads\/2023\/03\/cifa-neopure.jpg","type":"image\/jpeg"}],"schema":{"@context":"https:\/\/schema.org","@graph":[{"@type":"WebPage","@id":"https:\/\/cifa.es\/en\/neopure\/user-point-sterilizer\/","url":"https:\/\/cifa.es\/en\/neopure\/user-point-sterilizer\/","name":"Point of Use (POU) sterilization unit | Neopure CIFA","isPartOf":{"@id":"https:\/\/cifa.es\/en\/#website"},"description":"Point of Use (POU) sterilization unit Neopure CIFA for the pharmaceutical, food and bio-technology industry, we provide customized solutions!","breadcrumb":{"@id":"https:\/\/cifa.es\/en\/neopure\/user-point-sterilizer\/#breadcrumb"},"inLanguage":"en-US","potentialAction":[{"@type":"ReadAction","target":["https:\/\/cifa.es\/en\/neopure\/user-point-sterilizer\/"]}]},{"@type":"BreadcrumbList","@id":"https:\/\/cifa.es\/en\/neopure\/user-point-sterilizer\/#breadcrumb","itemListElement":[{"@type":"ListItem","position":1,"name":"Portada","item":"https:\/\/cifa.es\/en\/"},{"@type":"ListItem","position":2,"name":"Neopure","item":"https:\/\/cifa.es\/en\/neopure\/"},{"@type":"ListItem","position":3,"name":"Point of Use Sterilization Unit"}]},{"@type":"WebSite","@id":"https:\/\/cifa.es\/en\/#website","url":"https:\/\/cifa.es\/en\/","name":"CIFA","description":"Ingenier\u00eda e instalaciones para la industria farmac\u00e9utica","publisher":{"@id":"https:\/\/cifa.es\/en\/#organization"},"potentialAction":[{"@type":"SearchAction","target":{"@type":"EntryPoint","urlTemplate":"https:\/\/cifa.es\/en\/?s={search_term_string}"},"query-input":{"@type":"PropertyValueSpecification","valueRequired":true,"valueName":"search_term_string"}}],"inLanguage":"en-US"},{"@type":"Organization","@id":"https:\/\/cifa.es\/en\/#organization","name":"Cifa","url":"https:\/\/cifa.es\/en\/","logo":{"@type":"ImageObject","inLanguage":"en-US","@id":"https:\/\/cifa.es\/en\/#\/schema\/logo\/image\/","url":"https:\/\/cifa.es\/wp-content\/uploads\/2017\/02\/logo-cifa-pharma-solutions.png","contentUrl":"https:\/\/cifa.es\/wp-content\/uploads\/2017\/02\/logo-cifa-pharma-solutions.png","width":170,"height":70,"caption":"Cifa"},"image":{"@id":"https:\/\/cifa.es\/en\/#\/schema\/logo\/image\/"}}]}},"post_mailing_queue_ids":[],"_links":{"self":[{"href":"https:\/\/cifa.es\/en\/wp-json\/wp\/v2\/pages\/805","targetHints":{"allow":["GET"]}}],"collection":[{"href":"https:\/\/cifa.es\/en\/wp-json\/wp\/v2\/pages"}],"about":[{"href":"https:\/\/cifa.es\/en\/wp-json\/wp\/v2\/types\/page"}],"author":[{"embeddable":true,"href":"https:\/\/cifa.es\/en\/wp-json\/wp\/v2\/users\/540"}],"replies":[{"embeddable":true,"href":"https:\/\/cifa.es\/en\/wp-json\/wp\/v2\/comments?post=805"}],"version-history":[{"count":7,"href":"https:\/\/cifa.es\/en\/wp-json\/wp\/v2\/pages\/805\/revisions"}],"predecessor-version":[{"id":2325,"href":"https:\/\/cifa.es\/en\/wp-json\/wp\/v2\/pages\/805\/revisions\/2325"}],"up":[{"embeddable":true,"href":"https:\/\/cifa.es\/en\/wp-json\/wp\/v2\/pages\/763"}],"wp:attachment":[{"href":"https:\/\/cifa.es\/en\/wp-json\/wp\/v2\/media?parent=805"}],"curies":[{"name":"wp","href":"https:\/\/api.w.org\/{rel}","templated":true}]}}