{"id":761,"date":"2017-02-13T08:07:41","date_gmt":"2017-02-13T08:07:41","guid":{"rendered":"https:\/\/cifa.es\/?page_id=761"},"modified":"2025-10-13T10:18:24","modified_gmt":"2025-10-13T10:18:24","slug":"services","status":"publish","type":"page","link":"https:\/\/cifa.es\/en\/services\/","title":{"rendered":"Services"},"content":{"rendered":"<p><div class=\"fusion-fullwidth fullwidth-box fusion-builder-row-1 nonhundred-percent-fullwidth non-hundred-percent-height-scrolling\" style=\"--awb-border-radius-top-left:0px;--awb-border-radius-top-right:0px;--awb-border-radius-bottom-right:0px;--awb-border-radius-bottom-left:0px;--awb-padding-top:15px;--awb-padding-bottom:15px;--awb-background-color:#6ecddf;--awb-flex-wrap:wrap;\" ><div class=\"fusion-builder-row fusion-row\"><div class=\"fusion-layout-column fusion_builder_column fusion-builder-column-0 fusion_builder_column_1_1 1_1 fusion-one-full fusion-column-first fusion-column-last\" style=\"--awb-bg-size:cover;--awb-margin-bottom:0px;\"><div class=\"fusion-column-wrapper fusion-flex-column-wrapper-legacy\"><div class=\"fusion-title title fusion-title-1 fusion-sep-none fusion-title-center fusion-title-text fusion-title-size-one\" style=\"--awb-margin-bottom:0px;\"><h1 class=\"fusion-title-heading title-heading-center\" style=\"margin:0;\">COMMISSIONING, VALIDATIONS, MAINTENANCE AND TECHNICAL SUPPORT SERVICES<\/h1><\/div><div class=\"fusion-clearfix\"><\/div><\/div><\/div><\/div><\/div><div class=\"fusion-fullwidth fullwidth-box fusion-builder-row-2 nonhundred-percent-fullwidth non-hundred-percent-height-scrolling\" style=\"--awb-border-radius-top-left:0px;--awb-border-radius-top-right:0px;--awb-border-radius-bottom-right:0px;--awb-border-radius-bottom-left:0px;--awb-padding-top:70px;--awb-padding-bottom:30px;--awb-flex-wrap:wrap;\" ><div class=\"fusion-builder-row fusion-row\"><div class=\"fusion-layout-column fusion_builder_column fusion-builder-column-1 fusion_builder_column_1_1 1_1 fusion-one-full fusion-column-first fusion-column-last\" style=\"--awb-bg-size:cover;\"><div class=\"fusion-column-wrapper fusion-flex-column-wrapper-legacy\"><div class=\"fusion-text fusion-text-1\"><p style=\"text-align: center;\"><img decoding=\"async\" class=\"alignnone wp-image-1195 \" src=\"https:\/\/cifa.es\/wp-content\/uploads\/2020\/02\/logo-cifa-servicios.png\" alt=\"Logo de CIFA Servicios \" width=\"229\" height=\"\" srcset=\"https:\/\/cifa.es\/wp-content\/uploads\/2020\/02\/logo-cifa-servicios-200x78.png 200w, https:\/\/cifa.es\/wp-content\/uploads\/2020\/02\/logo-cifa-servicios-300x117.png 300w, https:\/\/cifa.es\/wp-content\/uploads\/2020\/02\/logo-cifa-servicios-400x156.png 400w, https:\/\/cifa.es\/wp-content\/uploads\/2020\/02\/logo-cifa-servicios.png 466w\" sizes=\"(max-width: 466px) 100vw, 466px\" \/><\/p>\n<p style=\"text-align: center;\">CIFA attaches a great relevance to its technical service structure and positions itself as an eminently customer service company for the pharmaceutical industry. Our services cover all kind of pieces of equipment and process facilities, both in the commissioning phase and throughout its life cycle, from maintenance and after-sales technical services to validations and legalizations.<\/p>\n<\/div><div class=\"fusion-clearfix\"><\/div><\/div><\/div><\/div><\/div><div class=\"fusion-fullwidth fullwidth-box fusion-builder-row-3 nonhundred-percent-fullwidth non-hundred-percent-height-scrolling\" style=\"--awb-border-radius-top-left:0px;--awb-border-radius-top-right:0px;--awb-border-radius-bottom-right:0px;--awb-border-radius-bottom-left:0px;--awb-padding-top:0px;--awb-padding-bottom:0px;--awb-flex-wrap:wrap;\" ><div class=\"fusion-builder-row fusion-row\"><div class=\"fusion-layout-column fusion_builder_column fusion-builder-column-2 fusion_builder_column_1_1 1_1 fusion-one-full fusion-column-first fusion-column-last\" style=\"--awb-bg-size:cover;\"><div class=\"fusion-column-wrapper fusion-flex-column-wrapper-legacy\"><div class=\"fusion-title title fusion-title-2 fusion-sep-none fusion-title-center fusion-title-text fusion-title-size-two\"><h2 class=\"fusion-title-heading title-heading-center\" style=\"margin:0;\"><h2 style=\"text-align: center;\">TECHNICAL SUPPORT SERVICES<\/h2><\/h2><\/div><div class=\"fusion-clearfix\"><\/div><\/div><\/div><div class=\"fusion-layout-column fusion_builder_column fusion-builder-column-3 fusion_builder_column_1_2 1_2 fusion-one-half fusion-column-first\" style=\"--awb-bg-size:cover;width:50%;width:calc(50% - ( ( 4% ) * 0.5 ) );margin-right: 4%;\"><div class=\"fusion-column-wrapper fusion-flex-column-wrapper-legacy\"><div class=\"fusion-text fusion-text-2\"><p>Our staff has very much experience in technical support and customer care services as well as curriculum in different leading equipment manufacturers for the pharmaceutical industry. Our service capabilities range from process equipment such as autoclaves, depyrogenation ovens, steam generators and multiple-effect water stills up to pharmaceutical water generation systems and process facilities.<\/p>\n<\/div><div class=\"fusion-clearfix\"><\/div><\/div><\/div><div class=\"fusion-layout-column fusion_builder_column fusion-builder-column-4 fusion_builder_column_1_2 1_2 fusion-one-half fusion-column-last\" style=\"--awb-bg-size:cover;width:50%;width:calc(50% - ( ( 4% ) * 0.5 ) );\"><div class=\"fusion-column-wrapper fusion-flex-column-wrapper-legacy\"><div class=\"fusion-text fusion-text-3\"><ul>\n<li>Preventive-Curative maintenance<\/li>\n<li>Technical assistance and repairs 24\/7<\/li>\n<li>Outsourcing of maintenance services<\/li>\n<li>Comprehensive management of pressure vessels park<\/li>\n<li>Calibration plans<\/li>\n<li>Spare parts management<\/li>\n<\/ul>\n<\/div><div class=\"fusion-clearfix\"><\/div><\/div><\/div><\/div><\/div><div class=\"fusion-bg-parallax\" data-bg-align=\"center top\" data-direction=\"up\" data-mute=\"false\" data-opacity=\"100\" data-velocity=\"-0.3\" data-mobile-enabled=\"false\" data-break_parents=\"0\" data-bg-image=\"https:\/\/cifa.es\/wp-content\/uploads\/2017\/02\/bg-franja.jpg\" data-bg-repeat=\"false\" ><\/div><div class=\"fusion-fullwidth fullwidth-box fusion-builder-row-4 fusion-parallax-up nonhundred-percent-fullwidth non-hundred-percent-height-scrolling\" style=\"--awb-background-position:center top;--awb-border-radius-top-left:0px;--awb-border-radius-top-right:0px;--awb-border-radius-bottom-right:0px;--awb-border-radius-bottom-left:0px;--awb-padding-top:60px;--awb-padding-bottom:0px;--awb-background-image:url(&quot;https:\/\/cifa.es\/wp-content\/uploads\/2017\/02\/bg-franja.jpg&quot;);--awb-background-size:cover;--awb-flex-wrap:wrap;\" ><div class=\"fusion-builder-row fusion-row\"><div class=\"fusion-layout-column fusion_builder_column fusion-builder-column-5 fusion_builder_column_1_1 1_1 fusion-one-full fusion-column-first fusion-column-last\" style=\"--awb-bg-size:cover;\"><div class=\"fusion-column-wrapper fusion-flex-column-wrapper-legacy\"><div class=\"fusion-image-carousel fusion-image-carousel-auto fusion-image-carousel-1\"><div class=\"awb-carousel awb-swiper awb-swiper-carousel awb-carousel--carousel awb-swiper-dots-position-bottom\" data-layout=\"carousel\" data-autoplay=\"no\" data-autoplayspeed=\"2500\" data-autoplaypause=\"no\" data-columns=\"1\" data-columnsmedium=\"1\" data-columnssmall=\"1\" data-itemmargin=\"13\" data-itemwidth=\"180\" data-touchscroll=\"no\" data-freemode=\"no\" data-imagesize=\"auto\" data-scrollitems=\"0\" data-centeredslides=\"no\" data-rotationangle=\"50\" data-depth=\"100\" data-speed=\"500\" data-shadow=\"no\" data-pagination=\"bullets\" style=\"--awb-columns:1;\"><div class=\"swiper-wrapper awb-image-carousel-wrapper fusion-flex-align-items-center\"><div class=\"swiper-slide\"><div class=\"fusion-carousel-item-wrapper\"><div class=\"fusion-image-wrapper hover-type-none\"><img decoding=\"async\" width=\"1000\" height=\"800\" src=\"https:\/\/cifa.es\/wp-content\/uploads\/2025\/03\/servicios-1.jpg\" class=\"attachment-full size-full\" alt=\"Imagen de un t\u00e9cnico de CIFA Servicios llevando a cabo el servicio de descontaminaci\u00f3n de cabinas de seguridad biol\u00f3gica por VH2O2\" srcset=\"https:\/\/cifa.es\/wp-content\/uploads\/2025\/03\/servicios-1-200x160.jpg 200w, https:\/\/cifa.es\/wp-content\/uploads\/2025\/03\/servicios-1-300x240.jpg 300w, https:\/\/cifa.es\/wp-content\/uploads\/2025\/03\/servicios-1-400x320.jpg 400w, https:\/\/cifa.es\/wp-content\/uploads\/2025\/03\/servicios-1-600x480.jpg 600w, https:\/\/cifa.es\/wp-content\/uploads\/2025\/03\/servicios-1-768x614.jpg 768w, https:\/\/cifa.es\/wp-content\/uploads\/2025\/03\/servicios-1-800x640.jpg 800w, https:\/\/cifa.es\/wp-content\/uploads\/2025\/03\/servicios-1.jpg 1000w\" sizes=\"(max-width: 1000px) 100vw, 1000px\" \/><\/div><\/div><\/div><div class=\"swiper-slide\"><div class=\"fusion-carousel-item-wrapper\"><div class=\"fusion-image-wrapper hover-type-none\"><img decoding=\"async\" width=\"1000\" height=\"800\" src=\"https:\/\/cifa.es\/wp-content\/uploads\/2025\/03\/servicios-2.jpg\" class=\"attachment-full size-full\" alt=\"Imagen de un t\u00e9cnico SAT de CIFA Servicios llevando a cabo el servicio de mantenimiento correctivo-preventivo\" srcset=\"https:\/\/cifa.es\/wp-content\/uploads\/2025\/03\/servicios-2-200x160.jpg 200w, https:\/\/cifa.es\/wp-content\/uploads\/2025\/03\/servicios-2-300x240.jpg 300w, https:\/\/cifa.es\/wp-content\/uploads\/2025\/03\/servicios-2-400x320.jpg 400w, https:\/\/cifa.es\/wp-content\/uploads\/2025\/03\/servicios-2-600x480.jpg 600w, https:\/\/cifa.es\/wp-content\/uploads\/2025\/03\/servicios-2-768x614.jpg 768w, https:\/\/cifa.es\/wp-content\/uploads\/2025\/03\/servicios-2-800x640.jpg 800w, https:\/\/cifa.es\/wp-content\/uploads\/2025\/03\/servicios-2.jpg 1000w\" sizes=\"(max-width: 1000px) 100vw, 1000px\" \/><\/div><\/div><\/div><div class=\"swiper-slide\"><div class=\"fusion-carousel-item-wrapper\"><div class=\"fusion-image-wrapper hover-type-none\"><img decoding=\"async\" width=\"1000\" height=\"800\" src=\"https:\/\/cifa.es\/wp-content\/uploads\/2025\/03\/servicios-3.jpg\" class=\"attachment-full size-full\" alt=\"Imagen de un t\u00e9cnico SAT de CIFA Servicios llevando a cabo el servicio de mantenimiento de equipos de proceso farmac\u00e9utico\" srcset=\"https:\/\/cifa.es\/wp-content\/uploads\/2025\/03\/servicios-3-200x160.jpg 200w, https:\/\/cifa.es\/wp-content\/uploads\/2025\/03\/servicios-3-300x240.jpg 300w, https:\/\/cifa.es\/wp-content\/uploads\/2025\/03\/servicios-3-400x320.jpg 400w, https:\/\/cifa.es\/wp-content\/uploads\/2025\/03\/servicios-3-600x480.jpg 600w, https:\/\/cifa.es\/wp-content\/uploads\/2025\/03\/servicios-3-768x614.jpg 768w, https:\/\/cifa.es\/wp-content\/uploads\/2025\/03\/servicios-3-800x640.jpg 800w, https:\/\/cifa.es\/wp-content\/uploads\/2025\/03\/servicios-3.jpg 1000w\" sizes=\"(max-width: 1000px) 100vw, 1000px\" \/><\/div><\/div><\/div><\/div><div class=\"awb-swiper-button awb-swiper-button-prev\"><i class=\"awb-icon-angle-left\" aria-hidden=\"true\"><\/i><\/div><div class=\"awb-swiper-button awb-swiper-button-next\"><i class=\"awb-icon-angle-right\" aria-hidden=\"true\"><\/i><\/div><\/div><\/div><div class=\"fusion-clearfix\"><\/div><\/div><\/div><\/div><\/div><\/p>\n","protected":false},"excerpt":{"rendered":"","protected":false},"author":540,"featured_media":0,"parent":0,"menu_order":0,"comment_status":"closed","ping_status":"closed","template":"100-width.php","meta":{"footnotes":""},"class_list":["post-761","page","type-page","status-publish","hentry"],"yoast_head":"<!-- This site is optimized with the Yoast SEO plugin v27.3 - https:\/\/yoast.com\/product\/yoast-seo-wordpress\/ -->\n<title>Facilities maintenance and technical assistance services for the Pharmaceutical Industry<\/title>\n<meta name=\"description\" content=\"Maintenance and technical assistance for the pharmaceutical industry: commissioning, validation, facilities maintenance, SAT and decontamination by VH2O2\" \/>\n<meta name=\"robots\" content=\"index, follow, max-snippet:-1, max-image-preview:large, max-video-preview:-1\" \/>\n<link rel=\"canonical\" href=\"https:\/\/cifa.es\/en\/services\/\" \/>\n<meta property=\"og:locale\" content=\"en_GB\" \/>\n<meta property=\"og:type\" content=\"article\" \/>\n<meta property=\"og:title\" content=\"Facilities maintenance and technical assistance services for the Pharmaceutical Industry\" \/>\n<meta property=\"og:description\" content=\"Maintenance and technical assistance for the pharmaceutical industry: commissioning, validation, facilities maintenance, SAT and decontamination by VH2O2\" \/>\n<meta property=\"og:url\" content=\"https:\/\/cifa.es\/en\/services\/\" \/>\n<meta property=\"og:site_name\" content=\"CIFA\" \/>\n<meta property=\"og:image\" content=\"https:\/\/cifa.es\/wp-content\/uploads\/2023\/03\/cifa.jpg\" \/>\n\t<meta property=\"og:image:width\" content=\"1200\" \/>\n\t<meta property=\"og:image:height\" content=\"630\" \/>\n\t<meta property=\"og:image:type\" content=\"image\/jpeg\" \/>\n<script type=\"application\/ld+json\" class=\"yoast-schema-graph\">{\"@context\":\"https:\\\/\\\/schema.org\",\"@graph\":[{\"@type\":\"WebPage\",\"@id\":\"https:\\\/\\\/cifa.es\\\/en\\\/services\\\/\",\"url\":\"https:\\\/\\\/cifa.es\\\/en\\\/services\\\/\",\"name\":\"Facilities maintenance and technical assistance services for the Pharmaceutical Industry\",\"isPartOf\":{\"@id\":\"https:\\\/\\\/cifa.es\\\/en\\\/#website\"},\"primaryImageOfPage\":{\"@id\":\"https:\\\/\\\/cifa.es\\\/en\\\/services\\\/#primaryimage\"},\"image\":{\"@id\":\"https:\\\/\\\/cifa.es\\\/en\\\/services\\\/#primaryimage\"},\"thumbnailUrl\":\"https:\\\/\\\/cifa.es\\\/wp-content\\\/uploads\\\/2020\\\/02\\\/logo-cifa-servicios.png\",\"description\":\"Maintenance and technical assistance for the pharmaceutical industry: commissioning, validation, facilities maintenance, SAT and decontamination by VH2O2\",\"breadcrumb\":{\"@id\":\"https:\\\/\\\/cifa.es\\\/en\\\/services\\\/#breadcrumb\"},\"inLanguage\":\"en-US\",\"potentialAction\":[{\"@type\":\"ReadAction\",\"target\":[\"https:\\\/\\\/cifa.es\\\/en\\\/services\\\/\"]}]},{\"@type\":\"ImageObject\",\"inLanguage\":\"en-US\",\"@id\":\"https:\\\/\\\/cifa.es\\\/en\\\/services\\\/#primaryimage\",\"url\":\"https:\\\/\\\/cifa.es\\\/wp-content\\\/uploads\\\/2020\\\/02\\\/logo-cifa-servicios.png\",\"contentUrl\":\"https:\\\/\\\/cifa.es\\\/wp-content\\\/uploads\\\/2020\\\/02\\\/logo-cifa-servicios.png\"},{\"@type\":\"BreadcrumbList\",\"@id\":\"https:\\\/\\\/cifa.es\\\/en\\\/services\\\/#breadcrumb\",\"itemListElement\":[{\"@type\":\"ListItem\",\"position\":1,\"name\":\"Portada\",\"item\":\"https:\\\/\\\/cifa.es\\\/en\\\/\"},{\"@type\":\"ListItem\",\"position\":2,\"name\":\"Services\"}]},{\"@type\":\"WebSite\",\"@id\":\"https:\\\/\\\/cifa.es\\\/en\\\/#website\",\"url\":\"https:\\\/\\\/cifa.es\\\/en\\\/\",\"name\":\"CIFA\",\"description\":\"Ingenier\u00eda e instalaciones para la industria farmac\u00e9utica\",\"publisher\":{\"@id\":\"https:\\\/\\\/cifa.es\\\/en\\\/#organization\"},\"potentialAction\":[{\"@type\":\"SearchAction\",\"target\":{\"@type\":\"EntryPoint\",\"urlTemplate\":\"https:\\\/\\\/cifa.es\\\/en\\\/?s={search_term_string}\"},\"query-input\":{\"@type\":\"PropertyValueSpecification\",\"valueRequired\":true,\"valueName\":\"search_term_string\"}}],\"inLanguage\":\"en-US\"},{\"@type\":\"Organization\",\"@id\":\"https:\\\/\\\/cifa.es\\\/en\\\/#organization\",\"name\":\"Cifa\",\"url\":\"https:\\\/\\\/cifa.es\\\/en\\\/\",\"logo\":{\"@type\":\"ImageObject\",\"inLanguage\":\"en-US\",\"@id\":\"https:\\\/\\\/cifa.es\\\/en\\\/#\\\/schema\\\/logo\\\/image\\\/\",\"url\":\"https:\\\/\\\/cifa.es\\\/wp-content\\\/uploads\\\/2017\\\/02\\\/logo-cifa-pharma-solutions.png\",\"contentUrl\":\"https:\\\/\\\/cifa.es\\\/wp-content\\\/uploads\\\/2017\\\/02\\\/logo-cifa-pharma-solutions.png\",\"width\":170,\"height\":70,\"caption\":\"Cifa\"},\"image\":{\"@id\":\"https:\\\/\\\/cifa.es\\\/en\\\/#\\\/schema\\\/logo\\\/image\\\/\"}}]}<\/script>\n<!-- \/ Yoast SEO plugin. -->","yoast_head_json":{"title":"Facilities maintenance and technical assistance services for the Pharmaceutical Industry","description":"Maintenance and technical assistance for the pharmaceutical industry: commissioning, validation, facilities maintenance, SAT and decontamination by VH2O2","robots":{"index":"index","follow":"follow","max-snippet":"max-snippet:-1","max-image-preview":"max-image-preview:large","max-video-preview":"max-video-preview:-1"},"canonical":"https:\/\/cifa.es\/en\/services\/","og_locale":"en_GB","og_type":"article","og_title":"Facilities maintenance and technical assistance services for the Pharmaceutical Industry","og_description":"Maintenance and technical assistance for the pharmaceutical industry: commissioning, validation, facilities maintenance, SAT and decontamination by VH2O2","og_url":"https:\/\/cifa.es\/en\/services\/","og_site_name":"CIFA","og_image":[{"width":1200,"height":630,"url":"https:\/\/cifa.es\/wp-content\/uploads\/2023\/03\/cifa.jpg","type":"image\/jpeg"}],"schema":{"@context":"https:\/\/schema.org","@graph":[{"@type":"WebPage","@id":"https:\/\/cifa.es\/en\/services\/","url":"https:\/\/cifa.es\/en\/services\/","name":"Facilities maintenance and technical assistance services for the Pharmaceutical Industry","isPartOf":{"@id":"https:\/\/cifa.es\/en\/#website"},"primaryImageOfPage":{"@id":"https:\/\/cifa.es\/en\/services\/#primaryimage"},"image":{"@id":"https:\/\/cifa.es\/en\/services\/#primaryimage"},"thumbnailUrl":"https:\/\/cifa.es\/wp-content\/uploads\/2020\/02\/logo-cifa-servicios.png","description":"Maintenance and technical assistance for the pharmaceutical industry: commissioning, validation, facilities maintenance, SAT and decontamination by VH2O2","breadcrumb":{"@id":"https:\/\/cifa.es\/en\/services\/#breadcrumb"},"inLanguage":"en-US","potentialAction":[{"@type":"ReadAction","target":["https:\/\/cifa.es\/en\/services\/"]}]},{"@type":"ImageObject","inLanguage":"en-US","@id":"https:\/\/cifa.es\/en\/services\/#primaryimage","url":"https:\/\/cifa.es\/wp-content\/uploads\/2020\/02\/logo-cifa-servicios.png","contentUrl":"https:\/\/cifa.es\/wp-content\/uploads\/2020\/02\/logo-cifa-servicios.png"},{"@type":"BreadcrumbList","@id":"https:\/\/cifa.es\/en\/services\/#breadcrumb","itemListElement":[{"@type":"ListItem","position":1,"name":"Portada","item":"https:\/\/cifa.es\/en\/"},{"@type":"ListItem","position":2,"name":"Services"}]},{"@type":"WebSite","@id":"https:\/\/cifa.es\/en\/#website","url":"https:\/\/cifa.es\/en\/","name":"CIFA","description":"Ingenier\u00eda e instalaciones para la industria farmac\u00e9utica","publisher":{"@id":"https:\/\/cifa.es\/en\/#organization"},"potentialAction":[{"@type":"SearchAction","target":{"@type":"EntryPoint","urlTemplate":"https:\/\/cifa.es\/en\/?s={search_term_string}"},"query-input":{"@type":"PropertyValueSpecification","valueRequired":true,"valueName":"search_term_string"}}],"inLanguage":"en-US"},{"@type":"Organization","@id":"https:\/\/cifa.es\/en\/#organization","name":"Cifa","url":"https:\/\/cifa.es\/en\/","logo":{"@type":"ImageObject","inLanguage":"en-US","@id":"https:\/\/cifa.es\/en\/#\/schema\/logo\/image\/","url":"https:\/\/cifa.es\/wp-content\/uploads\/2017\/02\/logo-cifa-pharma-solutions.png","contentUrl":"https:\/\/cifa.es\/wp-content\/uploads\/2017\/02\/logo-cifa-pharma-solutions.png","width":170,"height":70,"caption":"Cifa"},"image":{"@id":"https:\/\/cifa.es\/en\/#\/schema\/logo\/image\/"}}]}},"post_mailing_queue_ids":[],"_links":{"self":[{"href":"https:\/\/cifa.es\/en\/wp-json\/wp\/v2\/pages\/761","targetHints":{"allow":["GET"]}}],"collection":[{"href":"https:\/\/cifa.es\/en\/wp-json\/wp\/v2\/pages"}],"about":[{"href":"https:\/\/cifa.es\/en\/wp-json\/wp\/v2\/types\/page"}],"author":[{"embeddable":true,"href":"https:\/\/cifa.es\/en\/wp-json\/wp\/v2\/users\/540"}],"replies":[{"embeddable":true,"href":"https:\/\/cifa.es\/en\/wp-json\/wp\/v2\/comments?post=761"}],"version-history":[{"count":14,"href":"https:\/\/cifa.es\/en\/wp-json\/wp\/v2\/pages\/761\/revisions"}],"predecessor-version":[{"id":2683,"href":"https:\/\/cifa.es\/en\/wp-json\/wp\/v2\/pages\/761\/revisions\/2683"}],"wp:attachment":[{"href":"https:\/\/cifa.es\/en\/wp-json\/wp\/v2\/media?parent=761"}],"curies":[{"name":"wp","href":"https:\/\/api.w.org\/{rel}","templated":true}]}}